    {"id":693,"date":"2024-05-14T08:37:14","date_gmt":"2024-05-14T08:37:14","guid":{"rendered":"https:\/\/honaviral.com\/?page_id=3"},"modified":"2026-03-18T16:10:33","modified_gmt":"2026-03-18T16:10:33","slug":"privacy-policy","status":"publish","type":"page","link":"https:\/\/honaviral.com\/ro\/privacy-policy\/","title":{"rendered":"Politica de confiden\u021bialitate"},"content":{"rendered":"<h2 class=\"wp-block-heading\">1. Introducere<\/h2>\n\n\n\n<p>Confiden\u021bialitatea dumneavoastr\u0103 este de o importan\u021b\u0103 capital\u0103 pentru noi. Aceast\u0103 Politic\u0103 de confiden\u021bialitate descrie modul \u00een care HONAVIRAL.COM colecteaz\u0103, utilizeaz\u0103, p\u0103streaz\u0103 \u0219i dezv\u0103luie informa\u021biile colectate de la utilizatorii (fiecare, un \u201eUtilizator\u201d) ai <a target=\"_blank\" rel=\"noreferrer noopener\" href=\"https:\/\/honaviral.com\/ro\/\">https:\/\/honaviral.com<\/a> site web (\u201eSite\u201d). Aceast\u0103 politic\u0103 de confiden\u021bialitate se aplic\u0103 Site-ului \u0219i tuturor produselor \u0219i serviciilor oferite de HONAVIRAL.COM.<\/p>\n\n\n\n<p>HONAVIRAL.COM este de\u021binut \u0219i operat de Denakop Digital Media LLC, o companie \u00eenregistrat\u0103 \u00een Statele Unite sub EIN 83-1565345, cu adresa \u00eenregistrat\u0103 la 1395 Brickell Ave, Suite 852, Miami, FL 33131, SUA. \u00cen aceast\u0103 Politic\u0103 de confiden\u021bialitate, referin\u021bele la \u201eHONAVIRAL.COM\u201d, \u201enoi\u201d, \u201enou\u0103\u201d sau \u201eal nostru\/a noastr\u0103\/ai no\u0219tri\/ale noastre\u201d se refer\u0103 la Denakop Digital Media LLC ca entitate responsabil\u0103 de operarea site-ului web \u0219i de prelucrarea datelor dumneavoastr\u0103.<\/p>\n\n\n\n<h2 class=\"wp-block-heading\">2. Operator de date<\/h2>\n\n\n\n<p>\u00cen sensul legilor aplicabile privind protec\u021bia datelor, inclusiv, dar f\u0103r\u0103 a se limita la, Regulamentul general privind protec\u021bia datelor (GDPR) \u0219i Legea privind confiden\u021bialitatea consumatorilor din California (CCPA), Denakop Digital Media LLC este operatorul de date responsabil pentru prelucrarea datelor cu caracter personal colectate prin intermediul HONAVIRAL.COM. Aceasta \u00eenseamn\u0103 c\u0103 noi stabilim scopurile \u0219i mijloacele de prelucrare a datelor dumneavoastr\u0103 cu caracter personal.<\/p>\n\n\n\n<h2 class=\"wp-block-heading\">3. Colectarea datelor<\/h2>\n\n\n\n<p>Colect\u0103m diverse tipuri de informa\u021bii \u00een scopuri diferite pentru a v\u0103 oferi \u0219i a v\u0103 \u00eembun\u0103t\u0103\u021bi serviciile noastre. Tipurile de date pe care le colect\u0103m \u0219i motivele colect\u0103rii sunt detaliate mai jos:<\/p>\n\n\n\n<h3 class=\"wp-block-heading\">3.1. Comentarii<\/h3>\n\n\n\n<p>C\u00e2nd vizitatorii las\u0103 comentarii pe site, colect\u0103m datele afi\u0219ate \u00een formularul de comentarii, precum \u0219i adresa IP a vizitatorului \u0219i \u0219irul de caractere al agentului utilizator al browserului pentru a ajuta la detectarea spamului. Un \u0219ir anonimizat creat din adresa dvs. de e-mail (numit \u0219i hash) poate fi furnizat serviciului Gravatar pentru a vedea dac\u0103 \u00eel utiliza\u021bi. Politica de confiden\u021bialitate a serviciului Gravatar este disponibil\u0103 la: <a target=\"_blank\" rel=\"noreferrer noopener\" href=\"https:\/\/automattic.com\/privacy\/\">https:\/\/automattic.com\/privacy\/<\/a>Dup\u0103 aprobarea comentariului t\u0103u, fotografia ta de profil este vizibil\u0103 publicului \u00een contextul comentariului t\u0103u.<\/p>\n\n\n\n<h3 class=\"wp-block-heading\">3.2. Media<\/h3>\n\n\n\n<p>Dac\u0103 \u00eenc\u0103rca\u021bi imagini pe site, ar trebui s\u0103 evita\u021bi \u00eenc\u0103rcarea imaginilor care con\u021bin date de loca\u021bie \u00eencorporate (EXIF GPS). Vizitatorii site-ului web pot desc\u0103rca \u0219i extrage orice date de loca\u021bie din imaginile de pe site.<\/p>\n\n\n\n<h3 class=\"wp-block-heading\">3.3. Cookie-uri<\/h3>\n\n\n\n<p>Folosim cookie-uri pentru a v\u0103 \u00eembun\u0103t\u0103\u021bi experien\u021ba pe Site-ul nostru. Cookie-urile sunt fi\u0219iere mici pe care un site sau furnizorul s\u0103u de servicii le transfer\u0103 pe hard disk-ul computerului dvs. prin intermediul browserului web (dac\u0103 permite\u021bi), care permit sistemelor site-ului sau furnizorului de servicii s\u0103 recunoasc\u0103 browserul dvs. \u0219i s\u0103 capteze \u0219i s\u0103 re\u021bin\u0103 anumite informa\u021bii. Folosim cookie-uri \u00een urm\u0103toarele scopuri:<\/p>\n\n\n\n<ul>\n<li>Comentarii: Dac\u0103 l\u0103sa\u021bi un comentariu pe site-ul nostru, pute\u021bi opta pentru salvarea numelui, adresei de e-mail \u0219i a site-ului web \u00een cookie-uri. Acestea sunt pentru confortul dumneavoastr\u0103, astfel \u00eenc\u00e2t s\u0103 nu fie nevoie s\u0103 completa\u021bi din nou datele dumneavoastr\u0103 atunci c\u00e2nd l\u0103sa\u021bi un alt comentariu. Aceste cookie-uri vor dura un an.<\/li>\n\n\n\n<li>Conectare: Dac\u0103 vizita\u021bi pagina noastr\u0103 de conectare, vom seta un cookie temporar pentru a determina dac\u0103 browserul dvs. accept\u0103 cookie-uri. Acest cookie nu con\u021bine date personale \u0219i este \u0219ters c\u00e2nd \u00eenchide\u021bi browserul. C\u00e2nd v\u0103 conecta\u021bi, vom seta \u0219i mai multe cookie-uri pentru a salva informa\u021biile dvs. de conectare \u0219i op\u021biunile de afi\u0219are a ecranului. Cookie-urile de conectare sunt valabile dou\u0103 zile, iar cookie-urile pentru op\u021biunile de ecran sunt valabile un an. Dac\u0103 selecta\u021bi \u201e\u021aine-m\u0103 minte\u201d, datele dvs. de conectare vor persista timp de dou\u0103 s\u0103pt\u0103m\u00e2ni. Dac\u0103 v\u0103 deconecta\u021bi din cont, cookie-urile de conectare vor fi eliminate.<\/li>\n\n\n\n<li>Editarea con\u021binutului: Dac\u0103 edita\u021bi sau publica\u021bi un articol, un cookie suplimentar va fi salvat \u00een browserul dvs. Acest cookie nu include date personale \u0219i indic\u0103 pur \u0219i simplu ID-ul articolului pe care tocmai l-a\u021bi editat. Expir\u0103 dup\u0103 o zi.<\/li>\n<\/ul>\n\n\n\n<h3 class=\"wp-block-heading\">3.4. Con\u021binut \u00eencorporat de pe alte site-uri web<\/h3>\n\n\n\n<p>Articolele de pe acest site pot include con\u021binut \u00eencorporat (de exemplu, videoclipuri, imagini, articole etc.). Con\u021binutul \u00eencorporat de pe alte site-uri web se comport\u0103 exact \u00een acela\u0219i mod ca \u0219i cum vizitatorul ar fi vizitat cel\u0103lalt site web. Aceste site-uri web pot colecta date despre dvs., pot utiliza cookie-uri, pot \u00eencorpora urm\u0103rire suplimentar\u0103 de la ter\u021bi \u0219i pot monitoriza interac\u021biunea dvs. cu acel con\u021binut \u00eencorporat, inclusiv urm\u0103rirea interac\u021biunii dvs. cu con\u021binutul \u00eencorporat dac\u0103 ave\u021bi un cont \u0219i sunte\u021bi conectat la acel site web.<\/p>\n\n\n\n<h3 class=\"wp-block-heading\">3.5. Colectarea automat\u0103 a datelor<\/h3>\n\n\n\n<p>De asemenea, putem colecta informa\u021bii de identificare non-personale despre Utilizatori ori de c\u00e2te ori ace\u0219tia interac\u021bioneaz\u0103 cu Site-ul nostru. Informa\u021biile de identificare non-personale pot include numele browserului, tipul de computer \u0219i informa\u021bii tehnice despre mijloacele de conectare ale Utilizatorilor la Site-ul nostru, cum ar fi sistemul de operare \u0219i furnizorii de servicii de internet utiliza\u021bi \u0219i alte informa\u021bii similare. Aceste date sunt utilizate \u00een principal \u00een scopuri analitice pentru a \u00eembun\u0103t\u0103\u021bi serviciile noastre \u0219i experien\u021ba utilizatorilor.<\/p>\n\n\n\n<h2 class=\"wp-block-heading\">4. Transfer interna\u021bional de date<\/h2>\n\n\n\n<p>\u00centruc\u00e2t HONAVIRAL.COM este operat de Denakop Digital Media LLC, o companie cu sediul \u00een Statele Unite, datele dumneavoastr\u0103 personale pot fi prelucrate, stocate \u0219i transferate c\u0103tre servere \u0219i furnizori de servicii situa\u021bi \u00een afara \u021b\u0103rii dumneavoastr\u0103 de re\u0219edin\u021b\u0103, inclusiv Statele Unite. Prin utilizarea acestui site web, recunoa\u0219te\u021bi \u0219i sunte\u021bi de acord c\u0103 astfel de transferuri interna\u021bionale pot avea loc \u00een conformitate cu legile aplicabile privind protec\u021bia datelor. Implement\u0103m garan\u021bii adecvate pentru a ne asigura c\u0103 datele dumneavoastr\u0103 personale r\u0103m\u00e2n protejate \u00een conformitate cu aceast\u0103 Politic\u0103 de confiden\u021bialitate \u0219i cu legile aplicabile, indiferent de locul \u00een care sunt prelucrate.<\/p>\n\n\n\n<h2 class=\"wp-block-heading\">5. Drepturile dumneavoastr\u0103 asupra datelor dumneavoastr\u0103<\/h2>\n\n\n\n<p>\u00cen func\u021bie de jurisdic\u021bia dumneavoastr\u0103, este posibil s\u0103 ave\u021bi anumite drepturi cu privire la datele dumneavoastr\u0103 cu caracter personal. Aceste drepturi pot include:<\/p>\n\n\n\n<ul>\n<li>Dreptul de acces: Ave\u021bi dreptul de a solicita copii ale datelor dumneavoastr\u0103 cu caracter personal pe care le de\u021binem.<\/li>\n\n\n\n<li>Dreptul la rectificare: Ave\u021bi dreptul de a solicita corectarea oric\u0103ror informa\u021bii pe care le considera\u021bi inexacte sau complete, pe care le considera\u021bi incomplete.<\/li>\n\n\n\n<li>Dreptul la \u0219tergere (\u201eDreptul de a fi uitat\u201d): Ave\u021bi dreptul de a solicita \u0219tergerea datelor dumneavoastr\u0103 cu caracter personal, \u00een anumite condi\u021bii. Aceasta nu include datele pe care suntem obliga\u021bi s\u0103 le p\u0103str\u0103m \u00een scopuri administrative, legale sau de securitate.<\/li>\n\n\n\n<li>Dreptul la restric\u021bionarea prelucr\u0103rii: Ave\u021bi dreptul de a solicita restric\u021bionarea prelucr\u0103rii datelor dumneavoastr\u0103 cu caracter personal, \u00een anumite condi\u021bii.<\/li>\n\n\n\n<li>Dreptul de a opune prelucr\u0103rii: Ave\u021bi dreptul de a v\u0103 opune prelucr\u0103rii datelor dumneavoastr\u0103 cu caracter personal de c\u0103tre noi, \u00een anumite condi\u021bii.<\/li>\n\n\n\n<li>Dreptul la portabilitatea datelor: Ave\u021bi dreptul de a solicita transferul datelor pe care le-am colectat c\u0103tre o alt\u0103 organiza\u021bie sau direct c\u0103tre dumneavoastr\u0103, \u00een anumite condi\u021bii.<\/li>\n<\/ul>\n\n\n\n<p>Dac\u0103 ave\u021bi un cont pe acest site sau a\u021bi l\u0103sat comentarii, pute\u021bi solicita s\u0103 primi\u021bi un fi\u0219ier exportat cu datele personale pe care le de\u021binem despre dvs., inclusiv orice date pe care ni le-a\u021bi furnizat. Pentru a exercita oricare dintre aceste drepturi, v\u0103 rug\u0103m s\u0103 ne contacta\u021bi folosind informa\u021biile furnizate \u00een Sec\u021biunea 7.<\/p>\n\n\n\n<h2 class=\"wp-block-heading\">6. P\u0103strarea datelor<\/h2>\n\n\n\n<p>P\u0103str\u0103m datele dumneavoastr\u0103 cu caracter personal at\u00e2t timp c\u00e2t este necesar pentru a \u00eendeplini scopurile pentru care au fost colectate, inclusiv \u00een scopul \u00eendeplinirii oric\u0103ror cerin\u021be legale, contabile sau de raportare.<\/p>\n\n\n\n<ul>\n<li>Comentarii: Dac\u0103 l\u0103sa\u021bi un comentariu, comentariul \u0219i metadatele sale sunt p\u0103strate pe termen nelimitat. Acest lucru ne permite s\u0103 recunoa\u0219tem \u0219i s\u0103 aprob\u0103m automat orice comentarii ulterioare, \u00een loc s\u0103 le \u021binem \u00eentr-o coad\u0103 de moderare.<\/li>\n\n\n\n<li>Utilizatori \u00eenregistra\u021bi: Pentru utilizatorii care se \u00eenregistreaz\u0103 pe site-ul nostru web (dac\u0103 este cazul), stoc\u0103m informa\u021biile personale pe care le furnizeaz\u0103 \u00een profilul lor de utilizator. To\u021bi utilizatorii pot vedea, edita sau \u0219terge informa\u021biile lor personale \u00een orice moment (cu excep\u021bia faptului c\u0103 nu \u00ee\u0219i pot schimba numele de utilizator). Administratorii site-ului web pot, de asemenea, vedea \u0219i edita aceste informa\u021bii.<\/li>\n\n\n\n<li>Date generale: Alte date sunt p\u0103strate numai pentru perioada necesar\u0103 pentru atingerea scopurilor descrise \u00een aceast\u0103 Politic\u0103 de confiden\u021bialitate, cu excep\u021bia cazului \u00een care o perioad\u0103 de p\u0103strare mai lung\u0103 este impus\u0103 sau permis\u0103 de lege.<\/li>\n<\/ul>\n\n\n\n<h2 class=\"wp-block-heading\">7. Informa\u021bii de contact<\/h2>\n\n\n\n<p>Dac\u0103 ave\u021bi \u00eentreb\u0103ri despre aceast\u0103 Politic\u0103 de confiden\u021bialitate, practicile acestui site sau interac\u021biunile dumneavoastr\u0103 cu acest site, v\u0103 rug\u0103m s\u0103 ne contacta\u021bi la:<\/p>\n\n\n\n<p>Denakop Digital Media LLC 1395 Brickell Ave, Suite 852 Miami, FL 33131, SUA E-mail: <a target=\"_blank\" rel=\"noreferrer noopener\" href=\"mailto:contato@denakop.com\">contato@denakop.com<\/a><\/p>\n\n\n\n<p>Comentariile vizitatorilor pot fi verificate prin intermediul unui serviciu automat de detectare a spamului.<\/p>","protected":false},"excerpt":{"rendered":"<p>1. Introduction Your privacy is of paramount importance to us. This Privacy Policy outlines how HONAVIRAL.COM collects, uses, maintains, and discloses information collected from users (each, a &#8220;User&#8221;) of the https:\/\/honaviral.com website (&#8220;Site&#8221;). This privacy policy applies to the Site and all products and services offered by HONAVIRAL.COM. HONAVIRAL.COM is owned and operated by Denakop [&hellip;]<\/p>","protected":false},"author":272,"featured_media":0,"parent":0,"menu_order":0,"comment_status":"closed","ping_status":"open","template":"","meta":{"footnotes":""},"_links":{"self":[{"href":"https:\/\/honaviral.com\/ro\/wp-json\/wp\/v2\/pages\/693"}],"collection":[{"href":"https:\/\/honaviral.com\/ro\/wp-json\/wp\/v2\/pages"}],"about":[{"href":"https:\/\/honaviral.com\/ro\/wp-json\/wp\/v2\/types\/page"}],"author":[{"embeddable":true,"href":"https:\/\/honaviral.com\/ro\/wp-json\/wp\/v2\/users\/272"}],"replies":[{"embeddable":true,"href":"https:\/\/honaviral.com\/ro\/wp-json\/wp\/v2\/comments?post=693"}],"version-history":[{"count":3,"href":"https:\/\/honaviral.com\/ro\/wp-json\/wp\/v2\/pages\/693\/revisions"}],"predecessor-version":[{"id":1363,"href":"https:\/\/honaviral.com\/ro\/wp-json\/wp\/v2\/pages\/693\/revisions\/1363"}],"wp:attachment":[{"href":"https:\/\/honaviral.com\/ro\/wp-json\/wp\/v2\/media?parent=693"}],"curies":[{"name":"wp","href":"https:\/\/api.w.org\/{rel}","templated":true}]}}