    {"id":169,"date":"2025-09-06T14:10:36","date_gmt":"2025-09-06T14:10:36","guid":{"rendered":"https:\/\/honaviral.com\/?page_id=169"},"modified":"2025-09-06T14:10:36","modified_gmt":"2025-09-06T14:10:36","slug":"contact-us","status":"publish","type":"page","link":"https:\/\/honaviral.com\/ro\/contact-us\/","title":{"rendered":"Contacta\u0163i-ne"},"content":{"rendered":"<p>Ne-ar pl\u0103cea s\u0103 auzim de tine!<br>Nu ezita\u021bi s\u0103 ne contacta\u021bi folosind datele de contact de mai jos:<\/p>\n\n\n\n<p><strong>E-mail:<\/strong> <a>sprijin<\/a>@houssem23<\/p>\n\n\n\n<p><strong>Telefon:<\/strong> +1 (646) 555-0174<\/p>","protected":false},"excerpt":{"rendered":"<p>We\u2019d love to hear from you!Feel free to reach out using the contact details below: Email: support@houssem23 Phone: +1 (646) 555-0174<\/p>","protected":false},"author":0,"featured_media":0,"parent":0,"menu_order":0,"comment_status":"closed","ping_status":"closed","template":"","meta":{"footnotes":""},"_links":{"self":[{"href":"https:\/\/honaviral.com\/ro\/wp-json\/wp\/v2\/pages\/169"}],"collection":[{"href":"https:\/\/honaviral.com\/ro\/wp-json\/wp\/v2\/pages"}],"about":[{"href":"https:\/\/honaviral.com\/ro\/wp-json\/wp\/v2\/types\/page"}],"replies":[{"embeddable":true,"href":"https:\/\/honaviral.com\/ro\/wp-json\/wp\/v2\/comments?post=169"}],"version-history":[{"count":0,"href":"https:\/\/honaviral.com\/ro\/wp-json\/wp\/v2\/pages\/169\/revisions"}],"wp:attachment":[{"href":"https:\/\/honaviral.com\/ro\/wp-json\/wp\/v2\/media?parent=169"}],"curies":[{"name":"wp","href":"https:\/\/api.w.org\/{rel}","templated":true}]}}