    {"id":166,"date":"2025-09-06T14:08:54","date_gmt":"2025-09-06T14:08:54","guid":{"rendered":"https:\/\/honaviral.com\/?page_id=166"},"modified":"2025-09-06T14:08:54","modified_gmt":"2025-09-06T14:08:54","slug":"about-us","status":"publish","type":"page","link":"https:\/\/honaviral.com\/ro\/about-us\/","title":{"rendered":"Despre noi"},"content":{"rendered":"<p>La Hona Viral, misiunea noastr\u0103 este s\u0103 oferim con\u021binut proasp\u0103t, captivant \u0219i fiabil, care s\u0103 v\u0103 \u021bin\u0103 la curent cu cele mai recente tendin\u021be din economie, finan\u021be, pie\u021be, locuri de munc\u0103 \u0219i nu numai.<\/p>\n\n\n\n<p>Suntem pasiona\u021bi de a face informa\u021biile accesibile, clare \u0219i cu impact. Echipa noastr\u0103 editorial\u0103 lucreaz\u0103 zilnic pentru a v\u0103 oferi articole care combin\u0103 acurate\u021bea, profunzimea \u0219i o perspectiv\u0103 unic\u0103 \u2014 ajut\u00e2ndu-v\u0103 s\u0103 r\u0103m\u00e2ne\u021bi cu un pas \u00eenainte \u00eentr-o lume \u00een continu\u0103 schimbare.<\/p>\n\n\n\n<p>\u00ce\u021bi mul\u021bumim c\u0103 faci parte din comunitatea noastr\u0103 \u00een cre\u0219tere. \u00cempreun\u0103, explor\u0103m pove\u0219tile care conteaz\u0103 \u0219i modeleaz\u0103 ziua de m\u00e2ine.<\/p>","protected":false},"excerpt":{"rendered":"<p>At Hona Viral, our mission is to deliver fresh, engaging, and reliable content that keeps you informed about the latest trends in economy, finance, markets, jobs, and beyond. We are passionate about making information accessible, clear, and impactful. Our editorial team works daily to bring you articles that combine accuracy, depth, and a unique perspective [&hellip;]<\/p>","protected":false},"author":0,"featured_media":0,"parent":0,"menu_order":0,"comment_status":"closed","ping_status":"closed","template":"","meta":{"footnotes":""},"_links":{"self":[{"href":"https:\/\/honaviral.com\/ro\/wp-json\/wp\/v2\/pages\/166"}],"collection":[{"href":"https:\/\/honaviral.com\/ro\/wp-json\/wp\/v2\/pages"}],"about":[{"href":"https:\/\/honaviral.com\/ro\/wp-json\/wp\/v2\/types\/page"}],"replies":[{"embeddable":true,"href":"https:\/\/honaviral.com\/ro\/wp-json\/wp\/v2\/comments?post=166"}],"version-history":[{"count":0,"href":"https:\/\/honaviral.com\/ro\/wp-json\/wp\/v2\/pages\/166\/revisions"}],"wp:attachment":[{"href":"https:\/\/honaviral.com\/ro\/wp-json\/wp\/v2\/media?parent=166"}],"curies":[{"name":"wp","href":"https:\/\/api.w.org\/{rel}","templated":true}]}}