    {"id":693,"date":"2024-05-14T08:37:14","date_gmt":"2024-05-14T08:37:14","guid":{"rendered":"https:\/\/honaviral.com\/?page_id=3"},"modified":"2026-03-18T16:10:33","modified_gmt":"2026-03-18T16:10:33","slug":"privacy-policy","status":"publish","type":"page","link":"https:\/\/honaviral.com\/pt\/privacy-policy\/","title":{"rendered":"pol\u00edtica de Privacidade"},"content":{"rendered":"<h2 class=\"wp-block-heading\">1. Introdu\u00e7\u00e3o<\/h2>\n\n\n\n<p>Sua privacidade \u00e9 de suma import\u00e2ncia para n\u00f3s. Esta Pol\u00edtica de Privacidade descreve como a HONAVIRAL.COM coleta, usa, mant\u00e9m e divulga informa\u00e7\u00f5es coletadas dos usu\u00e1rios (cada um, um \u201cUsu\u00e1rio\u201d) do site. <a target=\"_blank\" rel=\"noreferrer noopener\" href=\"https:\/\/honaviral.com\/pt\/\">https:\/\/honaviral.com<\/a> Esta pol\u00edtica de privacidade aplica-se ao site e a todos os produtos e servi\u00e7os oferecidos pela HONAVIRAL.COM.<\/p>\n\n\n\n<p>HONAVIRAL.COM \u00e9 propriedade e operado pela Denakop Digital Media LLC, uma empresa registrada nos Estados Unidos sob o EIN 83-1565345, com sede em 1395 Brickell Ave, Suite 852, Miami, FL 33131, EUA. Nesta Pol\u00edtica de Privacidade, as refer\u00eancias a \u201cHONAVIRAL.COM\u201d, \u201cn\u00f3s\u201d, \u201cnos\u201d ou \u201cnossos\u201d referem-se \u00e0 Denakop Digital Media LLC como a entidade respons\u00e1vel pela opera\u00e7\u00e3o do site e pelo processamento dos seus dados.<\/p>\n\n\n\n<h2 class=\"wp-block-heading\">2. Controlador de Dados<\/h2>\n\n\n\n<p>Para efeitos das leis de prote\u00e7\u00e3o de dados aplic\u00e1veis, incluindo, entre outras, o Regulamento Geral de Prote\u00e7\u00e3o de Dados (RGPD) e a Lei de Privacidade do Consumidor da Calif\u00f3rnia (CCPA), a Denakop Digital Media LLC \u00e9 a controladora de dados respons\u00e1vel pelo processamento dos dados pessoais coletados por meio do HONAVIRAL.COM. Isso significa que determinamos as finalidades e os meios de processamento dos seus dados pessoais.<\/p>\n\n\n\n<h2 class=\"wp-block-heading\">3. Coleta de Dados<\/h2>\n\n\n\n<p>Coletamos diversos tipos de informa\u00e7\u00f5es para diferentes finalidades, visando fornecer e aprimorar nossos servi\u00e7os para voc\u00ea. Os tipos de dados que coletamos e os motivos da coleta est\u00e3o detalhados abaixo:<\/p>\n\n\n\n<h3 class=\"wp-block-heading\">3.1. Coment\u00e1rios<\/h3>\n\n\n\n<p>Quando os visitantes deixam coment\u00e1rios no site, coletamos os dados exibidos no formul\u00e1rio de coment\u00e1rios, bem como o endere\u00e7o IP do visitante e a sequ\u00eancia do agente do usu\u00e1rio do navegador para ajudar na detec\u00e7\u00e3o de spam. Uma sequ\u00eancia anonimizada criada a partir do seu endere\u00e7o de e-mail (tamb\u00e9m chamada de hash) pode ser fornecida ao servi\u00e7o Gravatar para verificar se voc\u00ea o est\u00e1 utilizando. A pol\u00edtica de privacidade do servi\u00e7o Gravatar est\u00e1 dispon\u00edvel em: <a target=\"_blank\" rel=\"noreferrer noopener\" href=\"https:\/\/automattic.com\/privacy\/\">https:\/\/automattic.com\/privacy\/<\/a>Ap\u00f3s a aprova\u00e7\u00e3o do seu coment\u00e1rio, sua foto de perfil ficar\u00e1 vis\u00edvel ao p\u00fablico no contexto do seu coment\u00e1rio.<\/p>\n\n\n\n<h3 class=\"wp-block-heading\">3.2. M\u00eddia<\/h3>\n\n\n\n<p>Ao enviar imagens para o site, evite incluir dados de localiza\u00e7\u00e3o (EXIF GPS) nas imagens. Visitantes do site podem baixar e extrair esses dados das imagens.<\/p>\n\n\n\n<h3 class=\"wp-block-heading\">3.3. Cookies<\/h3>\n\n\n\n<p>Utilizamos cookies para melhorar a sua experi\u00eancia no nosso Site. Os cookies s\u00e3o pequenos ficheiros que um site ou o seu fornecedor de servi\u00e7os transfere para o disco r\u00edgido do seu computador atrav\u00e9s do seu navegador (se o permitir), permitindo que os sistemas do site ou do fornecedor de servi\u00e7os reconhe\u00e7am o seu navegador e capturem e memorizem determinadas informa\u00e7\u00f5es. Utilizamos cookies para os seguintes fins:<\/p>\n\n\n\n<ul>\n<li>Coment\u00e1rios: Se voc\u00ea deixar um coment\u00e1rio em nosso site, poder\u00e1 optar por salvar seu nome, endere\u00e7o de e-mail e site em cookies. Isso facilita o processo, para que voc\u00ea n\u00e3o precise preencher seus dados novamente ao deixar outro coment\u00e1rio. Esses cookies durar\u00e3o um ano.<\/li>\n\n\n\n<li>Login: Ao visitar nossa p\u00e1gina de login, definiremos um cookie tempor\u00e1rio para determinar se seu navegador aceita cookies. Este cookie n\u00e3o cont\u00e9m dados pessoais e \u00e9 descartado ao fechar o navegador. Ao fazer login, tamb\u00e9m configuraremos v\u00e1rios cookies para salvar suas informa\u00e7\u00f5es de login e suas prefer\u00eancias de exibi\u00e7\u00e3o de tela. Os cookies de login duram dois dias e os cookies de op\u00e7\u00f5es de tela duram um ano. Se voc\u00ea selecionar &quot;Lembrar-me&quot;, seu login persistir\u00e1 por duas semanas. Se voc\u00ea sair da sua conta, os cookies de login ser\u00e3o removidos.<\/li>\n\n\n\n<li>Edi\u00e7\u00e3o de conte\u00fado: Ao editar ou publicar um artigo, um cookie adicional ser\u00e1 salvo no seu navegador. Este cookie n\u00e3o cont\u00e9m dados pessoais e apenas indica o ID da publica\u00e7\u00e3o do artigo que voc\u00ea acabou de editar. Ele expira ap\u00f3s 1 dia.<\/li>\n<\/ul>\n\n\n\n<h3 class=\"wp-block-heading\">3.4. Conte\u00fado incorporado de outros sites<\/h3>\n\n\n\n<p>Os artigos neste site podem incluir conte\u00fado incorporado (por exemplo, v\u00eddeos, imagens, artigos, etc.). O conte\u00fado incorporado de outros sites comporta-se exatamente da mesma forma como se o visitante tivesse visitado o outro site. Esses sites podem coletar dados sobre voc\u00ea, usar cookies, incorporar rastreamento adicional de terceiros e monitorar sua intera\u00e7\u00e3o com esse conte\u00fado incorporado, incluindo o rastreamento da sua intera\u00e7\u00e3o com o conte\u00fado incorporado se voc\u00ea tiver uma conta e estiver conectado a esse site.<\/p>\n\n\n\n<h3 class=\"wp-block-heading\">3.5. Coleta automatizada de dados<\/h3>\n\n\n\n<p>Tamb\u00e9m podemos coletar informa\u00e7\u00f5es de identifica\u00e7\u00e3o n\u00e3o pessoal sobre os Usu\u00e1rios sempre que eles interagirem com nosso Site. Essas informa\u00e7\u00f5es podem incluir o nome do navegador, o tipo de computador e informa\u00e7\u00f5es t\u00e9cnicas sobre a conex\u00e3o do Usu\u00e1rio ao nosso Site, como o sistema operacional, o provedor de servi\u00e7os de Internet utilizado e outras informa\u00e7\u00f5es semelhantes. Esses dados s\u00e3o usados principalmente para fins anal\u00edticos, visando aprimorar nossos servi\u00e7os e a experi\u00eancia do usu\u00e1rio.<\/p>\n\n\n\n<h2 class=\"wp-block-heading\">4. Transfer\u00eancia Internacional de Dados<\/h2>\n\n\n\n<p>Como o HONAVIRAL.COM \u00e9 operado pela Denakop Digital Media LLC, uma empresa estabelecida nos Estados Unidos, seus dados pessoais podem ser processados, armazenados e transferidos para servidores e provedores de servi\u00e7os localizados fora do seu pa\u00eds de resid\u00eancia, incluindo os Estados Unidos. Ao usar este site, voc\u00ea reconhece e concorda que tais transfer\u00eancias internacionais podem ocorrer de acordo com as leis de prote\u00e7\u00e3o de dados aplic\u00e1veis. Implementamos medidas de seguran\u00e7a adequadas para garantir que seus dados pessoais permane\u00e7am protegidos de acordo com esta Pol\u00edtica de Privacidade e as leis aplic\u00e1veis, independentemente de onde sejam processados.<\/p>\n\n\n\n<h2 class=\"wp-block-heading\">5. Seus direitos sobre seus dados<\/h2>\n\n\n\n<p>Dependendo da sua jurisdi\u00e7\u00e3o, voc\u00ea pode ter certos direitos em rela\u00e7\u00e3o aos seus dados pessoais. Esses direitos podem incluir:<\/p>\n\n\n\n<ul>\n<li>Direito de acesso: Voc\u00ea tem o direito de solicitar c\u00f3pias dos seus dados pessoais que mantemos.<\/li>\n\n\n\n<li>Direito de Retifica\u00e7\u00e3o: Voc\u00ea tem o direito de solicitar que corrijamos qualquer informa\u00e7\u00e3o que voc\u00ea considere imprecisa ou qualquer informa\u00e7\u00e3o que voc\u00ea considere incompleta.<\/li>\n\n\n\n<li>Direito ao apagamento (\u201cDireito ao esquecimento\u201d): Voc\u00ea tem o direito de solicitar que apaguemos seus dados pessoais, sob certas condi\u00e7\u00f5es. Isso n\u00e3o inclui quaisquer dados que somos obrigados a manter para fins administrativos, legais ou de seguran\u00e7a.<\/li>\n\n\n\n<li>Direito \u00e0 restri\u00e7\u00e3o do processamento: Voc\u00ea tem o direito de solicitar que restrinjamos o processamento dos seus dados pessoais, sob certas condi\u00e7\u00f5es.<\/li>\n\n\n\n<li>Direito de Oposi\u00e7\u00e3o ao Processamento: Voc\u00ea tem o direito de se opor ao nosso processamento dos seus dados pessoais, sob certas condi\u00e7\u00f5es.<\/li>\n\n\n\n<li>Direito \u00e0 portabilidade de dados: Voc\u00ea tem o direito de solicitar que transfiramos os dados que coletamos para outra organiza\u00e7\u00e3o ou diretamente para voc\u00ea, sob certas condi\u00e7\u00f5es.<\/li>\n<\/ul>\n\n\n\n<p>Se voc\u00ea possui uma conta neste site ou deixou coment\u00e1rios, pode solicitar um arquivo exportado com os dados pessoais que mantemos sobre voc\u00ea, incluindo quaisquer dados que voc\u00ea nos forneceu. Para exercer qualquer um desses direitos, entre em contato conosco usando as informa\u00e7\u00f5es fornecidas na Se\u00e7\u00e3o 7.<\/p>\n\n\n\n<h2 class=\"wp-block-heading\">6. Reten\u00e7\u00e3o de Dados<\/h2>\n\n\n\n<p>Conservamos os seus dados pessoais pelo tempo necess\u00e1rio para cumprir as finalidades para as quais foram recolhidos, incluindo para efeitos de cumprimento de quaisquer obriga\u00e7\u00f5es legais, contabil\u00edsticas ou de reporte.<\/p>\n\n\n\n<ul>\n<li>Coment\u00e1rios: Se voc\u00ea deixar um coment\u00e1rio, o coment\u00e1rio e seus metadados ser\u00e3o retidos indefinidamente. Isso \u00e9 para que possamos reconhecer e aprovar automaticamente quaisquer coment\u00e1rios subsequentes, em vez de mant\u00ea-los em uma fila de modera\u00e7\u00e3o.<\/li>\n\n\n\n<li>Usu\u00e1rios Registrados: Para usu\u00e1rios que se registram em nosso site (se aplic\u00e1vel), armazenamos as informa\u00e7\u00f5es pessoais que eles fornecem em seu perfil de usu\u00e1rio. Todos os usu\u00e1rios podem visualizar, editar ou excluir suas informa\u00e7\u00f5es pessoais a qualquer momento (exceto o nome de usu\u00e1rio). Os administradores do site tamb\u00e9m podem visualizar e editar essas informa\u00e7\u00f5es.<\/li>\n\n\n\n<li>Dados gerais: Outros dados s\u00e3o retidos apenas pelo per\u00edodo necess\u00e1rio para atingir as finalidades descritas nesta Pol\u00edtica de Privacidade, a menos que um per\u00edodo de reten\u00e7\u00e3o mais longo seja exigido ou permitido por lei.<\/li>\n<\/ul>\n\n\n\n<h2 class=\"wp-block-heading\">7. Informa\u00e7\u00f5es de contato<\/h2>\n\n\n\n<p>Se voc\u00ea tiver alguma d\u00favida sobre esta Pol\u00edtica de Privacidade, as pr\u00e1ticas deste site ou suas intera\u00e7\u00f5es com este site, entre em contato conosco atrav\u00e9s do seguinte endere\u00e7o:<\/p>\n\n\n\n<p>Denakop Digital Media LLC 1395 Brickell Ave, Suite 852 Miami, FL 33131, EUA E-mail: <a target=\"_blank\" rel=\"noreferrer noopener\" href=\"mailto:contato@denakop.com\">contato@denakop.com<\/a><\/p>\n\n\n\n<p>Os coment\u00e1rios dos visitantes podem ser verificados por meio de um servi\u00e7o automatizado de detec\u00e7\u00e3o de spam.<\/p>","protected":false},"excerpt":{"rendered":"<p>1. Introduction Your privacy is of paramount importance to us. This Privacy Policy outlines how HONAVIRAL.COM collects, uses, maintains, and discloses information collected from users (each, a &#8220;User&#8221;) of the https:\/\/honaviral.com website (&#8220;Site&#8221;). This privacy policy applies to the Site and all products and services offered by HONAVIRAL.COM. HONAVIRAL.COM is owned and operated by Denakop [&hellip;]<\/p>","protected":false},"author":272,"featured_media":0,"parent":0,"menu_order":0,"comment_status":"closed","ping_status":"open","template":"","meta":{"footnotes":""},"_links":{"self":[{"href":"https:\/\/honaviral.com\/pt\/wp-json\/wp\/v2\/pages\/693"}],"collection":[{"href":"https:\/\/honaviral.com\/pt\/wp-json\/wp\/v2\/pages"}],"about":[{"href":"https:\/\/honaviral.com\/pt\/wp-json\/wp\/v2\/types\/page"}],"author":[{"embeddable":true,"href":"https:\/\/honaviral.com\/pt\/wp-json\/wp\/v2\/users\/272"}],"replies":[{"embeddable":true,"href":"https:\/\/honaviral.com\/pt\/wp-json\/wp\/v2\/comments?post=693"}],"version-history":[{"count":3,"href":"https:\/\/honaviral.com\/pt\/wp-json\/wp\/v2\/pages\/693\/revisions"}],"predecessor-version":[{"id":1363,"href":"https:\/\/honaviral.com\/pt\/wp-json\/wp\/v2\/pages\/693\/revisions\/1363"}],"wp:attachment":[{"href":"https:\/\/honaviral.com\/pt\/wp-json\/wp\/v2\/media?parent=693"}],"curies":[{"name":"wp","href":"https:\/\/api.w.org\/{rel}","templated":true}]}}