    {"id":169,"date":"2025-09-06T14:10:36","date_gmt":"2025-09-06T14:10:36","guid":{"rendered":"https:\/\/honaviral.com\/?page_id=169"},"modified":"2025-09-06T14:10:36","modified_gmt":"2025-09-06T14:10:36","slug":"contact-us","status":"publish","type":"page","link":"https:\/\/honaviral.com\/pt\/contact-us\/","title":{"rendered":"Contate-nos"},"content":{"rendered":"<p>Adorar\u00edamos ouvir sua opini\u00e3o!<br>Fique \u00e0 vontade para entrar em contato usando as informa\u00e7\u00f5es abaixo:<\/p>\n\n\n\n<p><strong>E-mail:<\/strong> <a>apoiar<\/a>@houssem23<\/p>\n\n\n\n<p><strong>Telefone:<\/strong> +1 (646) 555-0174<\/p>","protected":false},"excerpt":{"rendered":"<p>Adorar\u00edamos ouvir sua opini\u00e3o! Sinta-se \u00e0 vontade para entrar em contato conosco atrav\u00e9s das informa\u00e7\u00f5es abaixo: E-mail: support@houssem23 Telefone: +1 (646) 555-0174<\/p>","protected":false},"author":0,"featured_media":0,"parent":0,"menu_order":0,"comment_status":"closed","ping_status":"closed","template":"","meta":{"footnotes":""},"_links":{"self":[{"href":"https:\/\/honaviral.com\/pt\/wp-json\/wp\/v2\/pages\/169"}],"collection":[{"href":"https:\/\/honaviral.com\/pt\/wp-json\/wp\/v2\/pages"}],"about":[{"href":"https:\/\/honaviral.com\/pt\/wp-json\/wp\/v2\/types\/page"}],"replies":[{"embeddable":true,"href":"https:\/\/honaviral.com\/pt\/wp-json\/wp\/v2\/comments?post=169"}],"version-history":[{"count":0,"href":"https:\/\/honaviral.com\/pt\/wp-json\/wp\/v2\/pages\/169\/revisions"}],"wp:attachment":[{"href":"https:\/\/honaviral.com\/pt\/wp-json\/wp\/v2\/media?parent=169"}],"curies":[{"name":"wp","href":"https:\/\/api.w.org\/{rel}","templated":true}]}}