    {"id":166,"date":"2025-09-06T14:08:54","date_gmt":"2025-09-06T14:08:54","guid":{"rendered":"https:\/\/honaviral.com\/?page_id=166"},"modified":"2025-09-06T14:08:54","modified_gmt":"2025-09-06T14:08:54","slug":"about-us","status":"publish","type":"page","link":"https:\/\/honaviral.com\/pt\/about-us\/","title":{"rendered":"Sobre n\u00f3s"},"content":{"rendered":"<p>Na Hona Viral, nossa miss\u00e3o \u00e9 fornecer conte\u00fado novo, envolvente e confi\u00e1vel que o mantenha informado sobre as \u00faltimas tend\u00eancias em economia, finan\u00e7as, mercados, empregos e muito mais.<\/p>\n\n\n\n<p>Somos apaixonados por tornar a informa\u00e7\u00e3o acess\u00edvel, clara e impactante. Nossa equipe editorial trabalha diariamente para trazer a voc\u00ea artigos que combinam precis\u00e3o, profundidade e uma perspectiva \u00fanica \u2014 ajudando voc\u00ea a se manter \u00e0 frente em um mundo em constante mudan\u00e7a.<\/p>\n\n\n\n<p>Obrigado por fazer parte da nossa crescente comunidade. Juntos, exploramos as hist\u00f3rias que importam e moldamos o futuro.<\/p>","protected":false},"excerpt":{"rendered":"<p>At Hona Viral, our mission is to deliver fresh, engaging, and reliable content that keeps you informed about the latest trends in economy, finance, markets, jobs, and beyond. We are passionate about making information accessible, clear, and impactful. Our editorial team works daily to bring you articles that combine accuracy, depth, and a unique perspective [&hellip;]<\/p>","protected":false},"author":0,"featured_media":0,"parent":0,"menu_order":0,"comment_status":"closed","ping_status":"closed","template":"","meta":{"footnotes":""},"_links":{"self":[{"href":"https:\/\/honaviral.com\/pt\/wp-json\/wp\/v2\/pages\/166"}],"collection":[{"href":"https:\/\/honaviral.com\/pt\/wp-json\/wp\/v2\/pages"}],"about":[{"href":"https:\/\/honaviral.com\/pt\/wp-json\/wp\/v2\/types\/page"}],"replies":[{"embeddable":true,"href":"https:\/\/honaviral.com\/pt\/wp-json\/wp\/v2\/comments?post=166"}],"version-history":[{"count":1,"href":"https:\/\/honaviral.com\/pt\/wp-json\/wp\/v2\/pages\/166\/revisions"}],"predecessor-version":[{"id":1396,"href":"https:\/\/honaviral.com\/pt\/wp-json\/wp\/v2\/pages\/166\/revisions\/1396"}],"wp:attachment":[{"href":"https:\/\/honaviral.com\/pt\/wp-json\/wp\/v2\/media?parent=166"}],"curies":[{"name":"wp","href":"https:\/\/api.w.org\/{rel}","templated":true}]}}