    {"id":166,"date":"2025-09-06T14:08:54","date_gmt":"2025-09-06T14:08:54","guid":{"rendered":"https:\/\/honaviral.com\/?page_id=166"},"modified":"2025-09-06T14:08:54","modified_gmt":"2025-09-06T14:08:54","slug":"about-us","status":"publish","type":"page","link":"https:\/\/honaviral.com\/fr\/about-us\/","title":{"rendered":"\u00c0 propos de nous"},"content":{"rendered":"<p>Chez Hona Viral, notre mission est de vous fournir un contenu frais, attrayant et fiable qui vous tient inform\u00e9 des derni\u00e8res tendances en mati\u00e8re d&#039;\u00e9conomie, de finance, de march\u00e9s, d&#039;emploi et bien plus encore.<\/p>\n\n\n\n<p>Nous avons \u00e0 c\u0153ur de rendre l&#039;information accessible, claire et percutante. Notre \u00e9quipe \u00e9ditoriale travaille quotidiennement \u00e0 vous proposer des articles alliant rigueur, profondeur et point de vue original, pour vous aider \u00e0 garder une longueur d&#039;avance dans un monde en constante \u00e9volution.<\/p>\n\n\n\n<p>Merci de faire partie de notre communaut\u00e9 en pleine expansion. Ensemble, nous explorons les histoires qui comptent et fa\u00e7onnent l&#039;avenir.<\/p>","protected":false},"excerpt":{"rendered":"<p>At Hona Viral, our mission is to deliver fresh, engaging, and reliable content that keeps you informed about the latest trends in economy, finance, markets, jobs, and beyond. We are passionate about making information accessible, clear, and impactful. Our editorial team works daily to bring you articles that combine accuracy, depth, and a unique perspective [&hellip;]<\/p>","protected":false},"author":0,"featured_media":0,"parent":0,"menu_order":0,"comment_status":"closed","ping_status":"closed","template":"","meta":{"footnotes":""},"_links":{"self":[{"href":"https:\/\/honaviral.com\/fr\/wp-json\/wp\/v2\/pages\/166"}],"collection":[{"href":"https:\/\/honaviral.com\/fr\/wp-json\/wp\/v2\/pages"}],"about":[{"href":"https:\/\/honaviral.com\/fr\/wp-json\/wp\/v2\/types\/page"}],"replies":[{"embeddable":true,"href":"https:\/\/honaviral.com\/fr\/wp-json\/wp\/v2\/comments?post=166"}],"version-history":[{"count":1,"href":"https:\/\/honaviral.com\/fr\/wp-json\/wp\/v2\/pages\/166\/revisions"}],"predecessor-version":[{"id":1396,"href":"https:\/\/honaviral.com\/fr\/wp-json\/wp\/v2\/pages\/166\/revisions\/1396"}],"wp:attachment":[{"href":"https:\/\/honaviral.com\/fr\/wp-json\/wp\/v2\/media?parent=166"}],"curies":[{"name":"wp","href":"https:\/\/api.w.org\/{rel}","templated":true}]}}