    {"id":693,"date":"2024-05-14T08:37:14","date_gmt":"2024-05-14T08:37:14","guid":{"rendered":"https:\/\/honaviral.com\/?page_id=3"},"modified":"2026-03-18T16:10:33","modified_gmt":"2026-03-18T16:10:33","slug":"privacy-policy","status":"publish","type":"page","link":"https:\/\/honaviral.com\/es\/privacy-policy\/","title":{"rendered":"pol\u00edtica de privacidad"},"content":{"rendered":"<h2 class=\"wp-block-heading\">1. Introducci\u00f3n<\/h2>\n\n\n\n<p>Su privacidad es de suma importancia para nosotros. Esta Pol\u00edtica de Privacidad describe c\u00f3mo HONAVIRAL.COM recopila, utiliza, mantiene y divulga la informaci\u00f3n recopilada de los usuarios (cada uno, un \u201cUsuario\u201d) de la <a target=\"_blank\" rel=\"noreferrer noopener\" href=\"https:\/\/honaviral.com\/es\/\">https:\/\/honaviral.com<\/a> sitio web (\u201cSitio\u201d). Esta pol\u00edtica de privacidad se aplica al Sitio y a todos los productos y servicios ofrecidos por HONAVIRAL.COM.<\/p>\n\n\n\n<p>HONAVIRAL.COM es propiedad de Denakop Digital Media LLC, una empresa registrada en Estados Unidos con el n\u00famero EIN 83-1565345 y domicilio social en 1395 Brickell Ave, Suite 852, Miami, FL 33131, EE. UU. En esta Pol\u00edtica de Privacidad, las referencias a &quot;HONAVIRAL.COM&quot;, &quot;nosotros&quot; o &quot;nuestro&quot; se refieren a Denakop Digital Media LLC, la entidad responsable de operar el sitio web y procesar sus datos.<\/p>\n\n\n\n<h2 class=\"wp-block-heading\">2. Responsable del tratamiento de datos<\/h2>\n\n\n\n<p>A efectos de la legislaci\u00f3n aplicable en materia de protecci\u00f3n de datos, incluyendo, entre otras, el Reglamento General de Protecci\u00f3n de Datos (RGPD) y la Ley de Privacidad del Consumidor de California (CCPA), Denakop Digital Media LLC es el responsable del tratamiento de los datos personales recopilados a trav\u00e9s de HONAVIRAL.COM. Esto significa que determinamos los fines y los medios del tratamiento de sus datos personales.<\/p>\n\n\n\n<h2 class=\"wp-block-heading\">3. Recopilaci\u00f3n de datos<\/h2>\n\n\n\n<p>Recopilamos diversos tipos de informaci\u00f3n con diferentes fines para brindarle y mejorar nuestro servicio. A continuaci\u00f3n, se detallan los tipos de datos que recopilamos y los motivos de dicha recopilaci\u00f3n:<\/p>\n\n\n\n<h3 class=\"wp-block-heading\">3.1. Comentarios<\/h3>\n\n\n\n<p>Cuando los visitantes dejan comentarios en el sitio, recopilamos los datos que aparecen en el formulario de comentarios, as\u00ed como la direcci\u00f3n IP del visitante y la cadena de agente de usuario del navegador para ayudar a detectar el spam. Se puede proporcionar una cadena anonimizada creada a partir de su direcci\u00f3n de correo electr\u00f3nico (tambi\u00e9n llamada hash) al servicio Gravatar para comprobar si lo est\u00e1 utilizando. La pol\u00edtica de privacidad del servicio Gravatar est\u00e1 disponible en: <a target=\"_blank\" rel=\"noreferrer noopener\" href=\"https:\/\/automattic.com\/privacy\/\">https:\/\/automattic.com\/privacy\/<\/a>Tras la aprobaci\u00f3n de tu comentario, tu foto de perfil ser\u00e1 visible p\u00fablicamente junto a tu comentario.<\/p>\n\n\n\n<h3 class=\"wp-block-heading\">3.2. Medios de comunicaci\u00f3n<\/h3>\n\n\n\n<p>Si sube im\u00e1genes al sitio web, evite subir im\u00e1genes con datos de ubicaci\u00f3n (GPS EXIF). Los visitantes del sitio web pueden descargar y extraer cualquier dato de ubicaci\u00f3n de las im\u00e1genes.<\/p>\n\n\n\n<h3 class=\"wp-block-heading\">3.3. Cookies<\/h3>\n\n\n\n<p>Utilizamos cookies para mejorar su experiencia en nuestro sitio web. Las cookies son peque\u00f1os archivos que un sitio o su proveedor de servicios transfiere al disco duro de su ordenador a trav\u00e9s de su navegador web (si usted lo permite) y que permiten a los sistemas del sitio o del proveedor de servicios reconocer su navegador y capturar y recordar cierta informaci\u00f3n. Utilizamos cookies para los siguientes fines:<\/p>\n\n\n\n<ul>\n<li>Comentarios: Si deja un comentario en nuestro sitio, puede optar por guardar su nombre, direcci\u00f3n de correo electr\u00f3nico y sitio web en cookies. Esto le facilitar\u00e1 la tarea, para que no tenga que volver a ingresar sus datos al dejar otro comentario. Estas cookies tendr\u00e1n una duraci\u00f3n de un a\u00f1o.<\/li>\n\n\n\n<li>Inicio de sesi\u00f3n: Si visita nuestra p\u00e1gina de inicio de sesi\u00f3n, instalaremos una cookie temporal para determinar si su navegador acepta cookies. Esta cookie no contiene datos personales y se elimina al cerrar el navegador. Al iniciar sesi\u00f3n, tambi\u00e9n instalaremos varias cookies para guardar su informaci\u00f3n de inicio de sesi\u00f3n y sus preferencias de visualizaci\u00f3n. Las cookies de inicio de sesi\u00f3n duran dos d\u00edas y las de preferencias de pantalla, un a\u00f1o. Si selecciona \u00abRecordarme\u00bb, su sesi\u00f3n permanecer\u00e1 activa durante dos semanas. Si cierra sesi\u00f3n, las cookies de inicio de sesi\u00f3n se eliminar\u00e1n.<\/li>\n\n\n\n<li>Edici\u00f3n de contenido: Si edita o publica un art\u00edculo, se guardar\u00e1 una cookie adicional en su navegador. Esta cookie no contiene datos personales y simplemente indica el ID del art\u00edculo que acaba de editar. Caduca despu\u00e9s de un d\u00eda.<\/li>\n<\/ul>\n\n\n\n<h3 class=\"wp-block-heading\">3.4. Contenido incrustado de otros sitios web<\/h3>\n\n\n\n<p>Los art\u00edculos de este sitio pueden incluir contenido incrustado (por ejemplo, v\u00eddeos, im\u00e1genes, art\u00edculos, etc.). El contenido incrustado de otros sitios web se comporta exactamente igual que si el visitante hubiera accedido directamente a dichos sitios. Estos sitios web pueden recopilar datos sobre usted, usar cookies, incrustar sistemas de seguimiento de terceros y monitorizar su interacci\u00f3n con dicho contenido incrustado, incluyendo el seguimiento de su interacci\u00f3n si tiene una cuenta y ha iniciado sesi\u00f3n en ese sitio web.<\/p>\n\n\n\n<h3 class=\"wp-block-heading\">3.5. Recopilaci\u00f3n automatizada de datos<\/h3>\n\n\n\n<p>Tambi\u00e9n podemos recopilar informaci\u00f3n de identificaci\u00f3n no personal sobre los Usuarios cuando interact\u00faan con nuestro Sitio. Esta informaci\u00f3n puede incluir el nombre del navegador, el tipo de ordenador e informaci\u00f3n t\u00e9cnica sobre la conexi\u00f3n de los Usuarios a nuestro Sitio, como el sistema operativo, el proveedor de servicios de Internet utilizado y otra informaci\u00f3n similar. Estos datos se utilizan principalmente con fines anal\u00edticos para mejorar nuestros servicios y la experiencia del usuario.<\/p>\n\n\n\n<h2 class=\"wp-block-heading\">4. Transferencia internacional de datos<\/h2>\n\n\n\n<p>Dado que HONAVIRAL.COM es operado por Denakop Digital Media LLC, una empresa establecida en Estados Unidos, sus datos personales pueden ser procesados, almacenados y transferidos a servidores y proveedores de servicios ubicados fuera de su pa\u00eds de residencia, incluyendo Estados Unidos. Al utilizar este sitio web, usted reconoce y acepta que dichas transferencias internacionales pueden ocurrir de conformidad con las leyes de protecci\u00f3n de datos aplicables. Implementamos las medidas de seguridad adecuadas para garantizar que sus datos personales permanezcan protegidos de acuerdo con esta Pol\u00edtica de Privacidad y las leyes aplicables, independientemente de d\u00f3nde se procesen.<\/p>\n\n\n\n<h2 class=\"wp-block-heading\">5. Tus derechos sobre tus datos<\/h2>\n\n\n\n<p>Dependiendo de su jurisdicci\u00f3n, usted puede tener ciertos derechos con respecto a sus datos personales. Estos derechos pueden incluir:<\/p>\n\n\n\n<ul>\n<li>Derecho de acceso: Usted tiene derecho a solicitar copias de sus datos personales que obran en nuestro poder.<\/li>\n\n\n\n<li>Derecho de rectificaci\u00f3n: Usted tiene derecho a solicitar que corrijamos cualquier informaci\u00f3n que considere inexacta o que completemos la informaci\u00f3n que considere incompleta.<\/li>\n\n\n\n<li>Derecho de supresi\u00f3n (\u00abDerecho al olvido\u00bb): Usted tiene derecho a solicitar que eliminemos sus datos personales, bajo ciertas condiciones. Esto no incluye los datos que estamos obligados a conservar por motivos administrativos, legales o de seguridad.<\/li>\n\n\n\n<li>Derecho a restringir el tratamiento: Usted tiene derecho a solicitar que restrinjamos el tratamiento de sus datos personales, bajo ciertas condiciones.<\/li>\n\n\n\n<li>Derecho a oponerse al tratamiento: Usted tiene derecho a oponerse al tratamiento de sus datos personales bajo ciertas condiciones.<\/li>\n\n\n\n<li>Derecho a la portabilidad de datos: Usted tiene derecho a solicitar que transfiramos los datos que hemos recopilado a otra organizaci\u00f3n o directamente a usted, bajo ciertas condiciones.<\/li>\n<\/ul>\n\n\n\n<p>Si tiene una cuenta en este sitio web o ha dejado comentarios, puede solicitar un archivo con sus datos personales, incluyendo la informaci\u00f3n que nos ha proporcionado. Para ejercer cualquiera de estos derechos, p\u00f3ngase en contacto con nosotros utilizando la informaci\u00f3n que figura en la Secci\u00f3n 7.<\/p>\n\n\n\n<h2 class=\"wp-block-heading\">6. Retenci\u00f3n de datos<\/h2>\n\n\n\n<p>Conservamos sus datos personales durante el tiempo que sea necesario para cumplir con los fines para los que fueron recopilados, incluyendo el cumplimiento de cualquier requisito legal, contable o de presentaci\u00f3n de informes.<\/p>\n\n\n\n<ul>\n<li>Comentarios: Si deja un comentario, este y sus metadatos se conservar\u00e1n indefinidamente. Esto nos permite reconocer y aprobar autom\u00e1ticamente los comentarios posteriores, en lugar de tener que moderarlos manualmente.<\/li>\n\n\n\n<li>Usuarios registrados: Para los usuarios que se registran en nuestro sitio web (si corresponde), almacenamos la informaci\u00f3n personal que proporcionan en su perfil de usuario. Todos los usuarios pueden ver, editar o eliminar su informaci\u00f3n personal en cualquier momento (excepto su nombre de usuario, que no se puede cambiar). Los administradores del sitio web tambi\u00e9n pueden ver y editar esta informaci\u00f3n.<\/li>\n\n\n\n<li>Datos generales: Los dem\u00e1s datos se conservan \u00fanicamente durante el tiempo necesario para alcanzar los fines descritos en esta Pol\u00edtica de privacidad, a menos que la ley exija o permita un per\u00edodo de conservaci\u00f3n m\u00e1s prolongado.<\/li>\n<\/ul>\n\n\n\n<h2 class=\"wp-block-heading\">7. Informaci\u00f3n de contacto<\/h2>\n\n\n\n<p>Si tiene alguna pregunta sobre esta Pol\u00edtica de Privacidad, las pr\u00e1cticas de este sitio o su interacci\u00f3n con este sitio, p\u00f3ngase en contacto con nosotros en:<\/p>\n\n\n\n<p>Denakop Digital Media LLC 1395 Brickell Ave, Suite 852 Miami, FL 33131, EE. UU. Correo electr\u00f3nico: <a target=\"_blank\" rel=\"noreferrer noopener\" href=\"mailto:contato@denakop.com\">contacto@denakop.com<\/a><\/p>\n\n\n\n<p>Los comentarios de los visitantes pueden revisarse a trav\u00e9s de un servicio de detecci\u00f3n autom\u00e1tica de spam.<\/p>","protected":false},"excerpt":{"rendered":"<p>1. Introduction Your privacy is of paramount importance to us. This Privacy Policy outlines how HONAVIRAL.COM collects, uses, maintains, and discloses information collected from users (each, a &#8220;User&#8221;) of the https:\/\/honaviral.com website (&#8220;Site&#8221;). This privacy policy applies to the Site and all products and services offered by HONAVIRAL.COM. HONAVIRAL.COM is owned and operated by Denakop [&hellip;]<\/p>","protected":false},"author":272,"featured_media":0,"parent":0,"menu_order":0,"comment_status":"closed","ping_status":"open","template":"","meta":{"footnotes":""},"_links":{"self":[{"href":"https:\/\/honaviral.com\/es\/wp-json\/wp\/v2\/pages\/693"}],"collection":[{"href":"https:\/\/honaviral.com\/es\/wp-json\/wp\/v2\/pages"}],"about":[{"href":"https:\/\/honaviral.com\/es\/wp-json\/wp\/v2\/types\/page"}],"author":[{"embeddable":true,"href":"https:\/\/honaviral.com\/es\/wp-json\/wp\/v2\/users\/272"}],"replies":[{"embeddable":true,"href":"https:\/\/honaviral.com\/es\/wp-json\/wp\/v2\/comments?post=693"}],"version-history":[{"count":3,"href":"https:\/\/honaviral.com\/es\/wp-json\/wp\/v2\/pages\/693\/revisions"}],"predecessor-version":[{"id":1363,"href":"https:\/\/honaviral.com\/es\/wp-json\/wp\/v2\/pages\/693\/revisions\/1363"}],"wp:attachment":[{"href":"https:\/\/honaviral.com\/es\/wp-json\/wp\/v2\/media?parent=693"}],"curies":[{"name":"wp","href":"https:\/\/api.w.org\/{rel}","templated":true}]}}