    {"id":166,"date":"2025-09-06T14:08:54","date_gmt":"2025-09-06T14:08:54","guid":{"rendered":"https:\/\/honaviral.com\/?page_id=166"},"modified":"2025-09-06T14:08:54","modified_gmt":"2025-09-06T14:08:54","slug":"about-us","status":"publish","type":"page","link":"https:\/\/honaviral.com\/es\/about-us\/","title":{"rendered":"Sobre nosotros"},"content":{"rendered":"<p>En Hona Viral, nuestra misi\u00f3n es ofrecer contenido nuevo, atractivo y confiable que lo mantenga informado sobre las \u00faltimas tendencias en econom\u00eda, finanzas, mercados, empleos y m\u00e1s.<\/p>\n\n\n\n<p>Nos apasiona hacer que la informaci\u00f3n sea accesible, clara e impactante. Nuestro equipo editorial trabaja a diario para ofrecerte art\u00edculos que combinan precisi\u00f3n, profundidad y una perspectiva \u00fanica, ayud\u00e1ndote a mantenerte a la vanguardia en un mundo en constante cambio.<\/p>\n\n\n\n<p>Gracias por formar parte de nuestra creciente comunidad. Juntos, exploramos las historias que importan y moldean el futuro.<\/p>","protected":false},"excerpt":{"rendered":"<p>At Hona Viral, our mission is to deliver fresh, engaging, and reliable content that keeps you informed about the latest trends in economy, finance, markets, jobs, and beyond. We are passionate about making information accessible, clear, and impactful. Our editorial team works daily to bring you articles that combine accuracy, depth, and a unique perspective [&hellip;]<\/p>","protected":false},"author":0,"featured_media":0,"parent":0,"menu_order":0,"comment_status":"closed","ping_status":"closed","template":"","meta":{"footnotes":""},"_links":{"self":[{"href":"https:\/\/honaviral.com\/es\/wp-json\/wp\/v2\/pages\/166"}],"collection":[{"href":"https:\/\/honaviral.com\/es\/wp-json\/wp\/v2\/pages"}],"about":[{"href":"https:\/\/honaviral.com\/es\/wp-json\/wp\/v2\/types\/page"}],"replies":[{"embeddable":true,"href":"https:\/\/honaviral.com\/es\/wp-json\/wp\/v2\/comments?post=166"}],"version-history":[{"count":1,"href":"https:\/\/honaviral.com\/es\/wp-json\/wp\/v2\/pages\/166\/revisions"}],"predecessor-version":[{"id":1396,"href":"https:\/\/honaviral.com\/es\/wp-json\/wp\/v2\/pages\/166\/revisions\/1396"}],"wp:attachment":[{"href":"https:\/\/honaviral.com\/es\/wp-json\/wp\/v2\/media?parent=166"}],"curies":[{"name":"wp","href":"https:\/\/api.w.org\/{rel}","templated":true}]}}